{"id":5009,"date":"2018-01-30T11:48:40","date_gmt":"2018-01-30T10:48:40","guid":{"rendered":"https:\/\/pel.lachapellesurerdre.fr\/?page_id=5009"},"modified":"2018-10-24T09:27:55","modified_gmt":"2018-10-24T08:27:55","slug":"radio-fmr-2018","status":"publish","type":"page","link":"https:\/\/pel.lachapellesurerdre.fr\/?page_id=5009","title":{"rendered":"Radio FMR 2018"},"content":{"rendered":"<p style=\"text-align: justify;\"><a href=\"https:\/\/pel.lachapellesurerdre.fr\/?attachment_id=5011\" rel=\"attachment wp-att-5011\"><img loading=\"lazy\" decoding=\"async\" class=\"wp-image-5011 alignleft\" src=\"https:\/\/pel.lachapellesurerdre.fr\/wp-content\/uploads\/2018\/01\/affiche-radio-fmr-2018.jpg\" alt=\"affiche radio fmr 2018\" width=\"321\" height=\"459\" \/><\/a>Cette ann\u00e9e (2018) la radio FMR se d\u00e9roulera exceptionnellement plus t\u00f4t :<\/p>\n<p style=\"text-align: justify;\">Du <strong>05 au 09 mars<\/strong> entre le JAM et le secteur J. (entre 10h et 22h30.)<\/p>\n<p style=\"text-align: justify;\">Venez participer aux \u00e9missions en direct, une \u00e9quipe d&rsquo;animateurs(trices) vous accompagnera dans la pr\u00e9paration. Quels que soient vos th\u00e8mes et vos envies, nous vous aiderons \u00e0 concr\u00e9tiser votre concept.<\/p>\n<p style=\"text-align: justify;\">Retrouvez toutes les \u00e9missions qui ont \u00e9t\u00e9 r\u00e9alis\u00e9es ci dessous.<\/p>\n<p>&nbsp;<\/p>\n<p>\u00c9missions du lundi : <a href=\"https:\/\/pel.lachapellesurerdre.fr\/?p=5076\" target=\"_blank\">r\u00e9\u00e9couter<\/a> \/ <a href=\"https:\/\/drive.google.com\/drive\/folders\/1kldu70uO-0GBg6F7LdFIIC2pwq0PqxPc?usp=sharing\" target=\"_blank\">T\u00e9l\u00e9charger<\/a><\/p>\n<p>\u00c9missions du mardi : <a href=\"https:\/\/pel.lachapellesurerdre.fr\/?p=5080\" target=\"_blank\">r\u00e9\u00e9couter<\/a> \/ <a href=\"https:\/\/drive.google.com\/drive\/folders\/1aPJK8Ogm08vjj3oavsXv-iE1Q291LB2f?usp=sharing\" target=\"_blank\">t\u00e9l\u00e9charger<\/a><\/p>\n<p>\u00c9missions du mercredi : <a href=\"https:\/\/pel.lachapellesurerdre.fr\/?p=5082\" target=\"_blank\">r\u00e9\u00e9couter<\/a> \/ <a href=\"https:\/\/drive.google.com\/drive\/folders\/1WSZaeWr2xd4GPZ0cKd-b0DYHTJAwBBem?usp=sharing\" target=\"_blank\">t\u00e9l\u00e9charger<\/a><\/p>\n<p>\u00c9mission du jeudi : <a href=\"https:\/\/pel.lachapellesurerdre.fr\/?p=5084\" target=\"_blank\">r\u00e9\u00e9couter<\/a> \/ <a href=\"https:\/\/drive.google.com\/drive\/folders\/1Z0rK-jZh6K0m76VvlFHwLphmYpaVLgyi?usp=sharing\" target=\"_blank\">t\u00e9l\u00e9charger<\/a><\/p>\n<p>\u00c9mission du vendredi : <a href=\"https:\/\/pel.lachapellesurerdre.fr\/?p=5086\" target=\"_blank\">r\u00e9\u00e9couter<\/a> \/ <a href=\"https:\/\/drive.google.com\/drive\/folders\/1OuwSb-N8QCXUIs0lP9zeldwzndL9KrPL?usp=sharing\" target=\"_blank\">t\u00e9l\u00e9charger<\/a><\/p>\n","protected":false},"excerpt":{"rendered":"<p>Cette ann\u00e9e (2018) la radio FMR se d\u00e9roulera exceptionnellement plus t\u00f4t : Du 05 au 09 mars entre le JAM et le secteur J. (entre 10h et 22h30.) Venez participer aux \u00e9missions en direct, une \u00e9quipe d&rsquo;animateurs(trices) vous accompagnera dans la pr\u00e9paration. Quels que soient vos th\u00e8mes et vos envies, nous vous aiderons \u00e0 concr\u00e9tiser [&hellip;]<\/p>\n","protected":false},"author":1,"featured_media":0,"parent":0,"menu_order":0,"comment_status":"closed","ping_status":"closed","template":"","meta":{"footnotes":""},"_links":{"self":[{"href":"https:\/\/pel.lachapellesurerdre.fr\/index.php?rest_route=\/wp\/v2\/pages\/5009"}],"collection":[{"href":"https:\/\/pel.lachapellesurerdre.fr\/index.php?rest_route=\/wp\/v2\/pages"}],"about":[{"href":"https:\/\/pel.lachapellesurerdre.fr\/index.php?rest_route=\/wp\/v2\/types\/page"}],"author":[{"embeddable":true,"href":"https:\/\/pel.lachapellesurerdre.fr\/index.php?rest_route=\/wp\/v2\/users\/1"}],"replies":[{"embeddable":true,"href":"https:\/\/pel.lachapellesurerdre.fr\/index.php?rest_route=%2Fwp%2Fv2%2Fcomments&post=5009"}],"version-history":[{"count":19,"href":"https:\/\/pel.lachapellesurerdre.fr\/index.php?rest_route=\/wp\/v2\/pages\/5009\/revisions"}],"predecessor-version":[{"id":5261,"href":"https:\/\/pel.lachapellesurerdre.fr\/index.php?rest_route=\/wp\/v2\/pages\/5009\/revisions\/5261"}],"wp:attachment":[{"href":"https:\/\/pel.lachapellesurerdre.fr\/index.php?rest_route=%2Fwp%2Fv2%2Fmedia&parent=5009"}],"curies":[{"name":"wp","href":"https:\/\/api.w.org\/{rel}","templated":true}]}}