{"id":4774,"date":"2017-02-28T12:30:51","date_gmt":"2017-02-28T11:30:51","guid":{"rendered":"https:\/\/pel.lachapellesurerdre.fr\/?page_id=4774"},"modified":"2017-04-18T11:03:16","modified_gmt":"2017-04-18T10:03:16","slug":"radio-fmr-2017","status":"publish","type":"page","link":"https:\/\/pel.lachapellesurerdre.fr\/?page_id=4774","title":{"rendered":"Radio FMR 2017"},"content":{"rendered":"<p style=\"text-align: justify;\"><a href=\"https:\/\/pel.lachapellesurerdre.fr\/?attachment_id=4812\" rel=\"attachment wp-att-4812\"><img loading=\"lazy\" decoding=\"async\" class=\" wp-image-4812 alignleft\" src=\"https:\/\/pel.lachapellesurerdre.fr\/wp-content\/uploads\/2017\/02\/Affiches-radio-FMR-2017.jpg\" alt=\"Affiches radio FMR 2017\" width=\"308\" height=\"434\" \/><\/a><\/p>\n<p style=\"text-align: justify;\">Radio FMR 2017, c&rsquo;est fini. Un grand merci \u00e0 toutes et tous pour vos participation actives ou pour vos simples passages.<\/p>\n<p style=\"text-align: justify;\">Vous pouvez retrouver toutes les \u00e9missions en ligne (soit \u00e0 r\u00e9\u00e9couter, soit \u00e0 t\u00e9l\u00e9charger.<\/p>\n<p style=\"text-align: justify;\">On vous dis donc \u00e0 l&rsquo;ann\u00e9e prochaine.<\/p>\n<p style=\"text-align: left;\">Lundi : <a href=\"https:\/\/pel.lachapellesurerdre.fr\/?p=4823\" target=\"_blank\">R\u00e9\u00e9couter<\/a> \/ <a href=\"https:\/\/drive.google.com\/drive\/folders\/0B78XCPibio6xajZ6eWNMR2NWUU0?usp=sharing\" target=\"_blank\">T\u00e9l\u00e9charger<\/a><\/p>\n<p style=\"text-align: left;\">Mardi : <a href=\"https:\/\/pel.lachapellesurerdre.fr\/?p=4831\" target=\"_blank\">R\u00e9\u00e9couter<\/a> \/ <a href=\"https:\/\/drive.google.com\/drive\/folders\/0B78XCPibio6xUkNzQVRNaUFnb2M?usp=sharing\" target=\"_blank\">T\u00e9l\u00e9charger<\/a><\/p>\n<p style=\"text-align: left;\">Mercredi : <a href=\"https:\/\/pel.lachapellesurerdre.fr\/?p=4841\" target=\"_blank\">R\u00e9\u00e9couter<\/a> \/ <a href=\"https:\/\/drive.google.com\/drive\/folders\/0B78XCPibio6xZE0wdF82SENpUDA?usp=sharing\" target=\"_blank\">T\u00e9l\u00e9charger<\/a><\/p>\n<p style=\"text-align: left;\">Jeudi : <a href=\"https:\/\/pel.lachapellesurerdre.fr\/?p=4850\" target=\"_blank\">R\u00e9\u00e9couter<\/a> \/ <a href=\"https:\/\/drive.google.com\/drive\/folders\/0B78XCPibio6xWElWYk1sSGlFTnc?usp=sharing\" target=\"_blank\">T\u00e9l\u00e9charger<\/a><\/p>\n<p style=\"text-align: left;\">Vendredi : <a href=\"https:\/\/pel.lachapellesurerdre.fr\/?p=4860\" target=\"_blank\">R\u00e9\u00e9couter<\/a> \/ <a href=\"https:\/\/drive.google.com\/drive\/folders\/0B78XCPibio6xdng4dWhMZVo0cXM?usp=sharing\" target=\"_blank\">T\u00e9l\u00e9charger<\/a><\/p>\n","protected":false},"excerpt":{"rendered":"<p>Radio FMR 2017, c&rsquo;est fini. Un grand merci \u00e0 toutes et tous pour vos participation actives ou pour vos simples passages. Vous pouvez retrouver toutes les \u00e9missions en ligne (soit \u00e0 r\u00e9\u00e9couter, soit \u00e0 t\u00e9l\u00e9charger. On vous dis donc \u00e0 l&rsquo;ann\u00e9e prochaine. Lundi : R\u00e9\u00e9couter \/ T\u00e9l\u00e9charger Mardi : R\u00e9\u00e9couter \/ T\u00e9l\u00e9charger Mercredi : R\u00e9\u00e9couter [&hellip;]<\/p>\n","protected":false},"author":1,"featured_media":0,"parent":0,"menu_order":0,"comment_status":"closed","ping_status":"closed","template":"","meta":{"footnotes":""},"_links":{"self":[{"href":"https:\/\/pel.lachapellesurerdre.fr\/index.php?rest_route=\/wp\/v2\/pages\/4774"}],"collection":[{"href":"https:\/\/pel.lachapellesurerdre.fr\/index.php?rest_route=\/wp\/v2\/pages"}],"about":[{"href":"https:\/\/pel.lachapellesurerdre.fr\/index.php?rest_route=\/wp\/v2\/types\/page"}],"author":[{"embeddable":true,"href":"https:\/\/pel.lachapellesurerdre.fr\/index.php?rest_route=\/wp\/v2\/users\/1"}],"replies":[{"embeddable":true,"href":"https:\/\/pel.lachapellesurerdre.fr\/index.php?rest_route=%2Fwp%2Fv2%2Fcomments&post=4774"}],"version-history":[{"count":13,"href":"https:\/\/pel.lachapellesurerdre.fr\/index.php?rest_route=\/wp\/v2\/pages\/4774\/revisions"}],"predecessor-version":[{"id":4868,"href":"https:\/\/pel.lachapellesurerdre.fr\/index.php?rest_route=\/wp\/v2\/pages\/4774\/revisions\/4868"}],"wp:attachment":[{"href":"https:\/\/pel.lachapellesurerdre.fr\/index.php?rest_route=%2Fwp%2Fv2%2Fmedia&parent=4774"}],"curies":[{"name":"wp","href":"https:\/\/api.w.org\/{rel}","templated":true}]}}