{"id":3206,"date":"2014-12-10T17:17:16","date_gmt":"2014-12-10T16:17:16","guid":{"rendered":"https:\/\/pel.lachapellesurerdre.fr\/?page_id=3206"},"modified":"2022-03-08T17:13:50","modified_gmt":"2022-03-08T16:13:50","slug":"v-i-p-very-important-page","status":"publish","type":"page","link":"https:\/\/pel.lachapellesurerdre.fr\/?page_id=3206","title":{"rendered":"V.I.P (very important page)"},"content":{"rendered":"<p>Ici, vous trouverez\u00a0 les articles relatifs \u00e0 des projets en cours, d\u00e9velopp\u00e9s par des enfants, des jeunes, leurs animateurs..et qui chaque jour font vivre le Projet \u00c9ducatif Local.<\/p>\n<p>&nbsp;<\/p>\n<p>&nbsp;<\/p>\n<p><a href=\"https:\/\/pel.lachapellesurerdre.fr\/?page_id=3519\" target=\"_blank\" rel=\"noopener noreferrer\">Place de la R\u00e9publique<\/a><\/p>\n<p><a title=\"liste des projets p\u00e9dagogiques des structures\" href=\"https:\/\/pel.lachapellesurerdre.fr\/?page_id=4015\" target=\"_blank\" rel=\"noopener noreferrer\">Projets p\u00e9dagogiques<\/a><\/p>\n<p>&nbsp;<\/p>\n<p>&nbsp;<\/p>\n","protected":false},"excerpt":{"rendered":"<p>Ici, vous trouverez\u00a0 les articles relatifs \u00e0 des projets en cours, d\u00e9velopp\u00e9s par des enfants, des jeunes, leurs animateurs..et qui chaque jour font vivre le Projet \u00c9ducatif Local. &nbsp; &nbsp; Place de la R\u00e9publique Projets p\u00e9dagogiques &nbsp; &nbsp;<\/p>\n","protected":false},"author":1,"featured_media":0,"parent":0,"menu_order":0,"comment_status":"closed","ping_status":"open","template":"","meta":{"footnotes":""},"_links":{"self":[{"href":"https:\/\/pel.lachapellesurerdre.fr\/index.php?rest_route=\/wp\/v2\/pages\/3206"}],"collection":[{"href":"https:\/\/pel.lachapellesurerdre.fr\/index.php?rest_route=\/wp\/v2\/pages"}],"about":[{"href":"https:\/\/pel.lachapellesurerdre.fr\/index.php?rest_route=\/wp\/v2\/types\/page"}],"author":[{"embeddable":true,"href":"https:\/\/pel.lachapellesurerdre.fr\/index.php?rest_route=\/wp\/v2\/users\/1"}],"replies":[{"embeddable":true,"href":"https:\/\/pel.lachapellesurerdre.fr\/index.php?rest_route=%2Fwp%2Fv2%2Fcomments&post=3206"}],"version-history":[{"count":10,"href":"https:\/\/pel.lachapellesurerdre.fr\/index.php?rest_route=\/wp\/v2\/pages\/3206\/revisions"}],"predecessor-version":[{"id":5858,"href":"https:\/\/pel.lachapellesurerdre.fr\/index.php?rest_route=\/wp\/v2\/pages\/3206\/revisions\/5858"}],"wp:attachment":[{"href":"https:\/\/pel.lachapellesurerdre.fr\/index.php?rest_route=%2Fwp%2Fv2%2Fmedia&parent=3206"}],"curies":[{"name":"wp","href":"https:\/\/api.w.org\/{rel}","templated":true}]}}